{"id":34,"date":"2023-03-30T23:32:13","date_gmt":"2023-03-30T21:32:13","guid":{"rendered":"https:\/\/www.blog-a-holic.de\/?page_id=34"},"modified":"2024-10-26T14:03:38","modified_gmt":"2024-10-26T12:03:38","slug":"ueber-mich","status":"publish","type":"page","link":"https:\/\/www.blog-a-holic.de\/?page_id=34","title":{"rendered":"\u00dcber mich"},"content":{"rendered":"\n<p>Ich bin Nina, 38 Jahre alt, ehemaliges Dorfkind aus RLP, Neu-Saarl\u00e4nderin, kreativer Kopf, der sich schnell begeistern l\u00e4sst und viele Interessen hat, Bloggerin und stolze Mama von zwei S\u00f6hnen (3 Jahre und 10 Monate). Aber das war ich nicht immer.<\/p>\n\n\n\n<p>Begonnen hat mein Blog aus einer Leidenschaft heraus: meiner Leidenschaft zu B\u00fcchern und zum Lesen. Das geschriebene Wort hat mich schon immer in jeglicher Form fasziniert und so habe ich bereits in Kindheitstagen mehrere hundert B\u00fccher verschlungen. Das Genre war dabei (fast) egal. Mit meiner ehrenamtlichen T\u00e4tigkeit in der Dorfb\u00fccherei meines ehemaligen Heimatortes sa\u00df ich direkt an der Quelle und konnte so immer auf die Neuerscheinungen zugreifen. <\/p>\n\n\n\n<p>Neben meiner B\u00fccherliebe kann ich aber auch in der Welt der Farben eintauchen und nahezu stundenlang darin versinken. Ich liebe es, zu malen, zu gestalten und neue Werke zu erschaffen. Ob Acryl- oder Aquarellfarbe oder aber auch Pastellkreide, ich bin in fast allen Techniken Zuhause und probiere gerne Neues aus. Die Hauptsache ist, es ist bunt und l\u00e4sst mich den Alltag um mich herum vergessen. Meine Liebe zur Kunst und auch zur Kunstgeschichte werdet ihr auch hier auf meinem Blog sehen, denn ich habe noch so einiges vor, was meine Zukunft betrifft. <\/p>\n\n\n\n<p>Eine weitere Leidenschaft ist das Schreiben. Tats\u00e4chlich habe ich schon ein fertiges Manuskript eines Kriminalromanes auf meinem PC, doch der Perfektionistin in mir verdanke ich es, dass ich es immer wieder \u00fcberarbeite und es bislang (in der jetzigen Form) nicht ver\u00f6ffentlicht habe. Einer meiner gr\u00f6\u00dften Tr\u00e4ume ist es, ebenfalls schriftstellerisch t\u00e4tig zu sein und eigene B\u00fccher zu ver\u00f6ffentlichen. <\/p>\n\n\n\n<p>Mit der Geburt meines ersten Sohnes im Jahr 2021 sind meine Hobbys jedoch etwas in den Hintergrund ger\u00fcckt, denn dieser kleine Mensch hat mir gezeigt, was wahre Mutterliebe ist und wie viel Zeit man wirklich noch \u00fcbrig hat, wenn der Tag 24 Stunden hat. Und vielleicht m\u00f6chte ich euch genau das auch hier mal mit euch teilen &#8211; das halte ich mir noch offen. Denn Muttersein ist nicht nur ein gro\u00dfes Gl\u00fcck, sondern kann ab und an auch sehr nervenzehrend sein und ist t\u00e4glich ein Abenteuer.<\/p>\n\n\n\n<p><\/p>\n\n\n\n<p><\/p>\n","protected":false},"excerpt":{"rendered":"<p>Ich bin Nina, 38 Jahre alt, ehemaliges Dorfkind aus RLP, Neu-Saarl\u00e4nderin, kreativer Kopf, der sich schnell begeistern l\u00e4sst und viele&#8230;<\/p>\n","protected":false},"author":1,"featured_media":0,"parent":0,"menu_order":0,"comment_status":"closed","ping_status":"closed","template":"","meta":{"footnotes":""},"class_list":["post-34","page","type-page","status-publish","hentry"],"yoast_head":"<!-- This site is optimized with the Yoast SEO plugin v25.6 - https:\/\/yoast.com\/wordpress\/plugins\/seo\/ -->\n<title>\u00dcber mich -<\/title>\n<meta name=\"robots\" content=\"index, follow, max-snippet:-1, max-image-preview:large, max-video-preview:-1\" \/>\n<link rel=\"canonical\" href=\"https:\/\/www.blog-a-holic.de\/?page_id=34\" \/>\n<meta property=\"og:locale\" content=\"de_DE\" \/>\n<meta property=\"og:type\" content=\"article\" \/>\n<meta property=\"og:title\" content=\"\u00dcber mich -\" \/>\n<meta property=\"og:description\" content=\"Ich bin Nina, 38 Jahre alt, ehemaliges Dorfkind aus RLP, Neu-Saarl\u00e4nderin, kreativer Kopf, der sich schnell begeistern l\u00e4sst und viele...\" \/>\n<meta property=\"og:url\" content=\"https:\/\/www.blog-a-holic.de\/?page_id=34\" \/>\n<meta property=\"article:modified_time\" content=\"2024-10-26T12:03:38+00:00\" \/>\n<meta name=\"twitter:card\" content=\"summary_large_image\" \/>\n<meta name=\"twitter:label1\" content=\"Gesch\u00e4tzte Lesezeit\" \/>\n\t<meta name=\"twitter:data1\" content=\"2\u00a0Minuten\" \/>\n<script type=\"application\/ld+json\" class=\"yoast-schema-graph\">{\"@context\":\"https:\/\/schema.org\",\"@graph\":[{\"@type\":\"WebPage\",\"@id\":\"https:\/\/www.blog-a-holic.de\/?page_id=34\",\"url\":\"https:\/\/www.blog-a-holic.de\/?page_id=34\",\"name\":\"\u00dcber mich -\",\"isPartOf\":{\"@id\":\"https:\/\/www.blog-a-holic.de\/#website\"},\"datePublished\":\"2023-03-30T21:32:13+00:00\",\"dateModified\":\"2024-10-26T12:03:38+00:00\",\"breadcrumb\":{\"@id\":\"https:\/\/www.blog-a-holic.de\/?page_id=34#breadcrumb\"},\"inLanguage\":\"de\",\"potentialAction\":[{\"@type\":\"ReadAction\",\"target\":[\"https:\/\/www.blog-a-holic.de\/?page_id=34\"]}]},{\"@type\":\"BreadcrumbList\",\"@id\":\"https:\/\/www.blog-a-holic.de\/?page_id=34#breadcrumb\",\"itemListElement\":[{\"@type\":\"ListItem\",\"position\":1,\"name\":\"Startseite\",\"item\":\"https:\/\/www.blog-a-holic.de\/\"},{\"@type\":\"ListItem\",\"position\":2,\"name\":\"\u00dcber mich\"}]},{\"@type\":\"WebSite\",\"@id\":\"https:\/\/www.blog-a-holic.de\/#website\",\"url\":\"https:\/\/www.blog-a-holic.de\/\",\"name\":\"Blog-a-holic\",\"description\":\"\",\"publisher\":{\"@id\":\"https:\/\/www.blog-a-holic.de\/#\/schema\/person\/82d793c99dce68044ce909de55b1a3d2\"},\"potentialAction\":[{\"@type\":\"SearchAction\",\"target\":{\"@type\":\"EntryPoint\",\"urlTemplate\":\"https:\/\/www.blog-a-holic.de\/?s={search_term_string}\"},\"query-input\":{\"@type\":\"PropertyValueSpecification\",\"valueRequired\":true,\"valueName\":\"search_term_string\"}}],\"inLanguage\":\"de\"},{\"@type\":[\"Person\",\"Organization\"],\"@id\":\"https:\/\/www.blog-a-holic.de\/#\/schema\/person\/82d793c99dce68044ce909de55b1a3d2\",\"name\":\"nina1986\",\"image\":{\"@type\":\"ImageObject\",\"inLanguage\":\"de\",\"@id\":\"https:\/\/www.blog-a-holic.de\/#\/schema\/person\/image\/\",\"url\":\"https:\/\/www.blog-a-holic.de\/wp-content\/uploads\/2023\/03\/cropped-cropped-cropped-IMG_4215-e1721182822736-1.png\",\"contentUrl\":\"https:\/\/www.blog-a-holic.de\/wp-content\/uploads\/2023\/03\/cropped-cropped-cropped-IMG_4215-e1721182822736-1.png\",\"width\":589,\"height\":366,\"caption\":\"nina1986\"},\"logo\":{\"@id\":\"https:\/\/www.blog-a-holic.de\/#\/schema\/person\/image\/\"},\"sameAs\":[\"http:\/\/www.blog-a-holic.dede\"]}]}<\/script>\n<!-- \/ Yoast SEO plugin. -->","yoast_head_json":{"title":"\u00dcber mich -","robots":{"index":"index","follow":"follow","max-snippet":"max-snippet:-1","max-image-preview":"max-image-preview:large","max-video-preview":"max-video-preview:-1"},"canonical":"https:\/\/www.blog-a-holic.de\/?page_id=34","og_locale":"de_DE","og_type":"article","og_title":"\u00dcber mich -","og_description":"Ich bin Nina, 38 Jahre alt, ehemaliges Dorfkind aus RLP, Neu-Saarl\u00e4nderin, kreativer Kopf, der sich schnell begeistern l\u00e4sst und viele...","og_url":"https:\/\/www.blog-a-holic.de\/?page_id=34","article_modified_time":"2024-10-26T12:03:38+00:00","twitter_card":"summary_large_image","twitter_misc":{"Gesch\u00e4tzte Lesezeit":"2\u00a0Minuten"},"schema":{"@context":"https:\/\/schema.org","@graph":[{"@type":"WebPage","@id":"https:\/\/www.blog-a-holic.de\/?page_id=34","url":"https:\/\/www.blog-a-holic.de\/?page_id=34","name":"\u00dcber mich -","isPartOf":{"@id":"https:\/\/www.blog-a-holic.de\/#website"},"datePublished":"2023-03-30T21:32:13+00:00","dateModified":"2024-10-26T12:03:38+00:00","breadcrumb":{"@id":"https:\/\/www.blog-a-holic.de\/?page_id=34#breadcrumb"},"inLanguage":"de","potentialAction":[{"@type":"ReadAction","target":["https:\/\/www.blog-a-holic.de\/?page_id=34"]}]},{"@type":"BreadcrumbList","@id":"https:\/\/www.blog-a-holic.de\/?page_id=34#breadcrumb","itemListElement":[{"@type":"ListItem","position":1,"name":"Startseite","item":"https:\/\/www.blog-a-holic.de\/"},{"@type":"ListItem","position":2,"name":"\u00dcber mich"}]},{"@type":"WebSite","@id":"https:\/\/www.blog-a-holic.de\/#website","url":"https:\/\/www.blog-a-holic.de\/","name":"Blog-a-holic","description":"","publisher":{"@id":"https:\/\/www.blog-a-holic.de\/#\/schema\/person\/82d793c99dce68044ce909de55b1a3d2"},"potentialAction":[{"@type":"SearchAction","target":{"@type":"EntryPoint","urlTemplate":"https:\/\/www.blog-a-holic.de\/?s={search_term_string}"},"query-input":{"@type":"PropertyValueSpecification","valueRequired":true,"valueName":"search_term_string"}}],"inLanguage":"de"},{"@type":["Person","Organization"],"@id":"https:\/\/www.blog-a-holic.de\/#\/schema\/person\/82d793c99dce68044ce909de55b1a3d2","name":"nina1986","image":{"@type":"ImageObject","inLanguage":"de","@id":"https:\/\/www.blog-a-holic.de\/#\/schema\/person\/image\/","url":"https:\/\/www.blog-a-holic.de\/wp-content\/uploads\/2023\/03\/cropped-cropped-cropped-IMG_4215-e1721182822736-1.png","contentUrl":"https:\/\/www.blog-a-holic.de\/wp-content\/uploads\/2023\/03\/cropped-cropped-cropped-IMG_4215-e1721182822736-1.png","width":589,"height":366,"caption":"nina1986"},"logo":{"@id":"https:\/\/www.blog-a-holic.de\/#\/schema\/person\/image\/"},"sameAs":["http:\/\/www.blog-a-holic.dede"]}]}},"_links":{"self":[{"href":"https:\/\/www.blog-a-holic.de\/index.php?rest_route=\/wp\/v2\/pages\/34","targetHints":{"allow":["GET"]}}],"collection":[{"href":"https:\/\/www.blog-a-holic.de\/index.php?rest_route=\/wp\/v2\/pages"}],"about":[{"href":"https:\/\/www.blog-a-holic.de\/index.php?rest_route=\/wp\/v2\/types\/page"}],"author":[{"embeddable":true,"href":"https:\/\/www.blog-a-holic.de\/index.php?rest_route=\/wp\/v2\/users\/1"}],"replies":[{"embeddable":true,"href":"https:\/\/www.blog-a-holic.de\/index.php?rest_route=%2Fwp%2Fv2%2Fcomments&post=34"}],"version-history":[{"count":4,"href":"https:\/\/www.blog-a-holic.de\/index.php?rest_route=\/wp\/v2\/pages\/34\/revisions"}],"predecessor-version":[{"id":343,"href":"https:\/\/www.blog-a-holic.de\/index.php?rest_route=\/wp\/v2\/pages\/34\/revisions\/343"}],"wp:attachment":[{"href":"https:\/\/www.blog-a-holic.de\/index.php?rest_route=%2Fwp%2Fv2%2Fmedia&parent=34"}],"curies":[{"name":"wp","href":"https:\/\/api.w.org\/{rel}","templated":true}]}}