{"id":37,"date":"2023-04-01T21:21:07","date_gmt":"2023-04-01T19:21:07","guid":{"rendered":"https:\/\/www.blog-a-holic.de\/?page_id=37"},"modified":"2023-04-01T21:21:07","modified_gmt":"2023-04-01T19:21:07","slug":"wie-kann-man-mit-mir-arbeiten","status":"publish","type":"page","link":"https:\/\/www.blog-a-holic.de\/?page_id=37","title":{"rendered":"Wie kann man mit mir arbeiten?"},"content":{"rendered":"\n<p>Es gibt einige Wege, mit mir in Kontakt zu treten und auch, mit mir zu arbeiten. Der leichteste ist aber, mich direkt anzuschreiben. Ich biete folgende Arbeitsm\u00f6glichkeiten an: <\/p>\n\n\n\n<p><\/p>\n\n\n\n<h2 class=\"wp-block-heading\">Rezensionsexemplare<\/h2>\n\n\n\n<p>Nach wie vor gibt es Buchbesprechungen und auch -vorstellungen nebst Rezensionen auf meinem Blog zu sehen. Allerdings werden diese nicht mehr nach Genre geordnet sein, sondern in der Reihenfolge erscheinen, wie ich sie gelesen habe. <\/p>\n\n\n\n<p>Rezensionsexemplare nehme ich daher noch gerne an, allerdings nur <em>nach<\/em> vorheriger Anfrage. Unaufgefordert \u00fcbersandte Rezensionsexemplare werden von mir nicht beachtet und auch nicht vorgestellt. <\/p>\n\n\n\n<p>Das Buch wird von mir auf meinen Social Media Kan\u00e4len (derzeit Instagram und Facebook) vorgestellt in Stories und einem Beitrag. Selbstverst\u00e4ndlich erfolgt auch eine Rezension, die weit gestreut wird. Die Rezension erfolgt auf dem Blog, wahlweise auch auf Instagram und Facebook, bei Amazon, Lovelybooks, Goodreads, Lesejury und auf den Buchhandlungsseiten wie Hugendubel und Thalia. Entsprechende Nachweislinks werden nach Ver\u00f6ffentlichung zugesandt. <\/p>\n\n\n\n<p><\/p>\n\n\n\n<h2 class=\"wp-block-heading\">Kooperationen<\/h2>\n\n\n\n<p>Kooperationen f\u00fcr andere Dinge au\u00dfer B\u00fccher, k\u00f6nnen ebenfalls angefragt werden. Da nunmehr auf meinem Blog auch die Themen Familie, Baby &amp; Kind sowie kreative Hobbys (malen, basteln usw.) vertreten sind, sind auch Kooperationen in diesen Bereichen denkbar. Hier bitte ich ebenfalls um vorherige Kontaktaufnahme, damit alles gekl\u00e4rt werden kann. Kooperationen f\u00fcr Produkte, die den oben genannten Bereichen nicht zu zuordnen sind, werden hier auch nicht erscheinen. <\/p>\n\n\n\n<p><\/p>\n\n\n\n<p>Sollten weitergehende Anfragen gew\u00fcnscht werden, bitte ich ebenfalls mit mir Kontakt aufzunehmen. <\/p>\n","protected":false},"excerpt":{"rendered":"<p>Es gibt einige Wege, mit mir in Kontakt zu treten und auch, mit mir zu arbeiten. Der leichteste ist aber,&#8230;<\/p>\n","protected":false},"author":1,"featured_media":0,"parent":0,"menu_order":0,"comment_status":"closed","ping_status":"closed","template":"","meta":{"footnotes":""},"class_list":["post-37","page","type-page","status-publish","hentry"],"yoast_head":"<!-- This site is optimized with the Yoast SEO plugin v25.6 - https:\/\/yoast.com\/wordpress\/plugins\/seo\/ -->\n<title>Wie kann man mit mir arbeiten? -<\/title>\n<meta name=\"robots\" content=\"index, follow, max-snippet:-1, max-image-preview:large, max-video-preview:-1\" \/>\n<link rel=\"canonical\" href=\"https:\/\/www.blog-a-holic.de\/?page_id=37\" \/>\n<meta property=\"og:locale\" content=\"de_DE\" \/>\n<meta property=\"og:type\" content=\"article\" \/>\n<meta property=\"og:title\" content=\"Wie kann man mit mir arbeiten? -\" \/>\n<meta property=\"og:description\" content=\"Es gibt einige Wege, mit mir in Kontakt zu treten und auch, mit mir zu arbeiten. Der leichteste ist aber,...\" \/>\n<meta property=\"og:url\" content=\"https:\/\/www.blog-a-holic.de\/?page_id=37\" \/>\n<meta name=\"twitter:card\" content=\"summary_large_image\" \/>\n<meta name=\"twitter:label1\" content=\"Gesch\u00e4tzte Lesezeit\" \/>\n\t<meta name=\"twitter:data1\" content=\"1\u00a0Minute\" \/>\n<script type=\"application\/ld+json\" class=\"yoast-schema-graph\">{\"@context\":\"https:\/\/schema.org\",\"@graph\":[{\"@type\":\"WebPage\",\"@id\":\"https:\/\/www.blog-a-holic.de\/?page_id=37\",\"url\":\"https:\/\/www.blog-a-holic.de\/?page_id=37\",\"name\":\"Wie kann man mit mir arbeiten? -\",\"isPartOf\":{\"@id\":\"https:\/\/www.blog-a-holic.de\/#website\"},\"datePublished\":\"2023-04-01T19:21:07+00:00\",\"breadcrumb\":{\"@id\":\"https:\/\/www.blog-a-holic.de\/?page_id=37#breadcrumb\"},\"inLanguage\":\"de\",\"potentialAction\":[{\"@type\":\"ReadAction\",\"target\":[\"https:\/\/www.blog-a-holic.de\/?page_id=37\"]}]},{\"@type\":\"BreadcrumbList\",\"@id\":\"https:\/\/www.blog-a-holic.de\/?page_id=37#breadcrumb\",\"itemListElement\":[{\"@type\":\"ListItem\",\"position\":1,\"name\":\"Startseite\",\"item\":\"https:\/\/www.blog-a-holic.de\/\"},{\"@type\":\"ListItem\",\"position\":2,\"name\":\"Wie kann man mit mir arbeiten?\"}]},{\"@type\":\"WebSite\",\"@id\":\"https:\/\/www.blog-a-holic.de\/#website\",\"url\":\"https:\/\/www.blog-a-holic.de\/\",\"name\":\"Blog-a-holic\",\"description\":\"\",\"publisher\":{\"@id\":\"https:\/\/www.blog-a-holic.de\/#\/schema\/person\/82d793c99dce68044ce909de55b1a3d2\"},\"potentialAction\":[{\"@type\":\"SearchAction\",\"target\":{\"@type\":\"EntryPoint\",\"urlTemplate\":\"https:\/\/www.blog-a-holic.de\/?s={search_term_string}\"},\"query-input\":{\"@type\":\"PropertyValueSpecification\",\"valueRequired\":true,\"valueName\":\"search_term_string\"}}],\"inLanguage\":\"de\"},{\"@type\":[\"Person\",\"Organization\"],\"@id\":\"https:\/\/www.blog-a-holic.de\/#\/schema\/person\/82d793c99dce68044ce909de55b1a3d2\",\"name\":\"nina1986\",\"image\":{\"@type\":\"ImageObject\",\"inLanguage\":\"de\",\"@id\":\"https:\/\/www.blog-a-holic.de\/#\/schema\/person\/image\/\",\"url\":\"https:\/\/www.blog-a-holic.de\/wp-content\/uploads\/2023\/03\/cropped-cropped-cropped-IMG_4215-e1721182822736-1.png\",\"contentUrl\":\"https:\/\/www.blog-a-holic.de\/wp-content\/uploads\/2023\/03\/cropped-cropped-cropped-IMG_4215-e1721182822736-1.png\",\"width\":589,\"height\":366,\"caption\":\"nina1986\"},\"logo\":{\"@id\":\"https:\/\/www.blog-a-holic.de\/#\/schema\/person\/image\/\"},\"sameAs\":[\"http:\/\/www.blog-a-holic.dede\"]}]}<\/script>\n<!-- \/ Yoast SEO plugin. -->","yoast_head_json":{"title":"Wie kann man mit mir arbeiten? -","robots":{"index":"index","follow":"follow","max-snippet":"max-snippet:-1","max-image-preview":"max-image-preview:large","max-video-preview":"max-video-preview:-1"},"canonical":"https:\/\/www.blog-a-holic.de\/?page_id=37","og_locale":"de_DE","og_type":"article","og_title":"Wie kann man mit mir arbeiten? -","og_description":"Es gibt einige Wege, mit mir in Kontakt zu treten und auch, mit mir zu arbeiten. Der leichteste ist aber,...","og_url":"https:\/\/www.blog-a-holic.de\/?page_id=37","twitter_card":"summary_large_image","twitter_misc":{"Gesch\u00e4tzte Lesezeit":"1\u00a0Minute"},"schema":{"@context":"https:\/\/schema.org","@graph":[{"@type":"WebPage","@id":"https:\/\/www.blog-a-holic.de\/?page_id=37","url":"https:\/\/www.blog-a-holic.de\/?page_id=37","name":"Wie kann man mit mir arbeiten? -","isPartOf":{"@id":"https:\/\/www.blog-a-holic.de\/#website"},"datePublished":"2023-04-01T19:21:07+00:00","breadcrumb":{"@id":"https:\/\/www.blog-a-holic.de\/?page_id=37#breadcrumb"},"inLanguage":"de","potentialAction":[{"@type":"ReadAction","target":["https:\/\/www.blog-a-holic.de\/?page_id=37"]}]},{"@type":"BreadcrumbList","@id":"https:\/\/www.blog-a-holic.de\/?page_id=37#breadcrumb","itemListElement":[{"@type":"ListItem","position":1,"name":"Startseite","item":"https:\/\/www.blog-a-holic.de\/"},{"@type":"ListItem","position":2,"name":"Wie kann man mit mir arbeiten?"}]},{"@type":"WebSite","@id":"https:\/\/www.blog-a-holic.de\/#website","url":"https:\/\/www.blog-a-holic.de\/","name":"Blog-a-holic","description":"","publisher":{"@id":"https:\/\/www.blog-a-holic.de\/#\/schema\/person\/82d793c99dce68044ce909de55b1a3d2"},"potentialAction":[{"@type":"SearchAction","target":{"@type":"EntryPoint","urlTemplate":"https:\/\/www.blog-a-holic.de\/?s={search_term_string}"},"query-input":{"@type":"PropertyValueSpecification","valueRequired":true,"valueName":"search_term_string"}}],"inLanguage":"de"},{"@type":["Person","Organization"],"@id":"https:\/\/www.blog-a-holic.de\/#\/schema\/person\/82d793c99dce68044ce909de55b1a3d2","name":"nina1986","image":{"@type":"ImageObject","inLanguage":"de","@id":"https:\/\/www.blog-a-holic.de\/#\/schema\/person\/image\/","url":"https:\/\/www.blog-a-holic.de\/wp-content\/uploads\/2023\/03\/cropped-cropped-cropped-IMG_4215-e1721182822736-1.png","contentUrl":"https:\/\/www.blog-a-holic.de\/wp-content\/uploads\/2023\/03\/cropped-cropped-cropped-IMG_4215-e1721182822736-1.png","width":589,"height":366,"caption":"nina1986"},"logo":{"@id":"https:\/\/www.blog-a-holic.de\/#\/schema\/person\/image\/"},"sameAs":["http:\/\/www.blog-a-holic.dede"]}]}},"_links":{"self":[{"href":"https:\/\/www.blog-a-holic.de\/index.php?rest_route=\/wp\/v2\/pages\/37","targetHints":{"allow":["GET"]}}],"collection":[{"href":"https:\/\/www.blog-a-holic.de\/index.php?rest_route=\/wp\/v2\/pages"}],"about":[{"href":"https:\/\/www.blog-a-holic.de\/index.php?rest_route=\/wp\/v2\/types\/page"}],"author":[{"embeddable":true,"href":"https:\/\/www.blog-a-holic.de\/index.php?rest_route=\/wp\/v2\/users\/1"}],"replies":[{"embeddable":true,"href":"https:\/\/www.blog-a-holic.de\/index.php?rest_route=%2Fwp%2Fv2%2Fcomments&post=37"}],"version-history":[{"count":3,"href":"https:\/\/www.blog-a-holic.de\/index.php?rest_route=\/wp\/v2\/pages\/37\/revisions"}],"predecessor-version":[{"id":40,"href":"https:\/\/www.blog-a-holic.de\/index.php?rest_route=\/wp\/v2\/pages\/37\/revisions\/40"}],"wp:attachment":[{"href":"https:\/\/www.blog-a-holic.de\/index.php?rest_route=%2Fwp%2Fv2%2Fmedia&parent=37"}],"curies":[{"name":"wp","href":"https:\/\/api.w.org\/{rel}","templated":true}]}}